{"id":392,"date":"2013-09-24T09:40:53","date_gmt":"2013-09-24T09:40:53","guid":{"rendered":"http:\/\/changinglives.mdgfund.org\/?page_id=392"},"modified":"2013-09-24T09:47:17","modified_gmt":"2013-09-24T09:47:17","slug":"qui-sommes-nous","status":"publish","type":"page","link":"http:\/\/changinglives.mdgfund.org\/fr\/qui-sommes-nous\/","title":{"rendered":"Qui Sommes-Nous"},"content":{"rendered":"<p><a href=\"http:\/\/www.mdgfund.org\/fr\" target=\"_blank\">Le Fonds pour la r\u00e9alisation des OMD<\/a> a \u0153uvr\u00e9 dans 50 pays du monde pour r\u00e9duire les in\u00e9galit\u00e9s et aiguillonner les progr\u00e8s en vue de la r\u00e9alisation des Objectifs du Mill\u00e9naire pour le d\u00e9veloppement. Avec nos 130 programmes sur cinq continents, nous avons aid\u00e9 \u00e0 r\u00e9duire la pauvret\u00e9 et la malnutrition, favoris\u00e9 l\u2019\u00e9galit\u00e9 des sexes, am\u00e9lior\u00e9 l\u2019acc\u00e8s des communaut\u00e9s \u00e0 l\u2019eau potable, permis aux peuples autochtones de faire entendre leur voix, renforc\u00e9 la r\u00e9silience aux changement climatiques et autonomis\u00e9 les femmes et les jeunes.<\/p>\n<p>Tout autour du monde, des millions d\u2019individus ont b\u00e9n\u00e9fici\u00e9 de nos initiatives, financ\u00e9es par une g\u00e9n\u00e9reuse contribution du Gouvernement de l\u2019Espagne au syst\u00e8me des Nations Unies et mises en \u0153uvre conjointement par 27 agences onusiennes et des milliers d\u2019administrations locales et nationales, des organisations de la soci\u00e9t\u00e9 civile et \u2013 surtout \u2013 les citoyens eux-m\u00eames.<\/p>\n","protected":false},"excerpt":{"rendered":"<p>Le Fonds pour la r\u00e9alisation des OMD a \u0153uvr\u00e9 dans 50 pays du monde pour r\u00e9duire les in\u00e9galit\u00e9s et aiguillonner les progr\u00e8s en vue de la r\u00e9alisation des Objectifs du Mill\u00e9naire pour le d\u00e9veloppement. Avec nos 130 programmes sur cinq continents, nous avons aid\u00e9 \u00e0 r\u00e9duire la pauvret\u00e9 et la malnutrition, favoris\u00e9 l\u2019\u00e9galit\u00e9 des sexes, am\u00e9lior\u00e9 l\u2019acc\u00e8s des communaut\u00e9s \u00e0 l\u2019eau potable, permis aux peuples autochtones de faire entendre leur voix, renforc\u00e9 la r\u00e9silience aux changement climatiques et autonomis\u00e9 les femmes et les jeunes. Tout autour du monde, des millions d\u2019individus ont b\u00e9n\u00e9fici\u00e9 de nos initiatives, financ\u00e9es par une g\u00e9n\u00e9reuse contribution du Gouvernement de l\u2019Espagne au syst\u00e8me des Nations Unies et mises en \u0153uvre conjointement par 27 agences onusiennes et des milliers d\u2019administrations locales et nationales, des organisations de la soci\u00e9t\u00e9 civile et \u2013 surtout \u2013 les citoyens eux-m\u00eames.<\/p>\n","protected":false},"author":1,"featured_media":0,"parent":0,"menu_order":0,"comment_status":"open","ping_status":"open","template":"","meta":{"footnotes":""},"class_list":["post-392","page","type-page","status-publish","hentry"],"_links":{"self":[{"href":"http:\/\/changinglives.mdgfund.org\/fr\/wp-json\/wp\/v2\/pages\/392","targetHints":{"allow":["GET"]}}],"collection":[{"href":"http:\/\/changinglives.mdgfund.org\/fr\/wp-json\/wp\/v2\/pages"}],"about":[{"href":"http:\/\/changinglives.mdgfund.org\/fr\/wp-json\/wp\/v2\/types\/page"}],"author":[{"embeddable":true,"href":"http:\/\/changinglives.mdgfund.org\/fr\/wp-json\/wp\/v2\/users\/1"}],"replies":[{"embeddable":true,"href":"http:\/\/changinglives.mdgfund.org\/fr\/wp-json\/wp\/v2\/comments?post=392"}],"version-history":[{"count":2,"href":"http:\/\/changinglives.mdgfund.org\/fr\/wp-json\/wp\/v2\/pages\/392\/revisions"}],"predecessor-version":[{"id":409,"href":"http:\/\/changinglives.mdgfund.org\/fr\/wp-json\/wp\/v2\/pages\/392\/revisions\/409"}],"wp:attachment":[{"href":"http:\/\/changinglives.mdgfund.org\/fr\/wp-json\/wp\/v2\/media?parent=392"}],"curies":[{"name":"wp","href":"https:\/\/api.w.org\/{rel}","templated":true}]}}