{"id":400,"date":"2013-09-24T09:44:11","date_gmt":"2013-09-24T09:44:11","guid":{"rendered":"http:\/\/changinglives.mdgfund.org\/?page_id=400"},"modified":"2013-09-25T08:36:29","modified_gmt":"2013-09-25T08:36:29","slug":"quienes-somos","status":"publish","type":"page","link":"http:\/\/changinglives.mdgfund.org\/es\/quienes-somos\/","title":{"rendered":"Qui\u00e9nes somos"},"content":{"rendered":"<p>El <a href=\"http:\/\/www.mdgfund.org\/es\" target=\"_blank\">Fondo para el logro de los ODM<\/a> ha trabajado en 50 pa\u00edses en todo el mundo para reducir las desigualdades e impulsar el cumplimiento de los Objetivos de Desarrollo del Milenio. Con 130 programas en cinco continentes, hemos ayudado a reducir la pobreza y la desnutrici\u00f3n infantil, aumentar la equidad de g\u00e9nero, mejorar el acceso al agua potable a nivel comunitario, dar voz a los pueblos ind\u00edgenas, fortalecer la resistencia al cambio clim\u00e1tico y empoderar a mujeres y j\u00f3venes.<\/p>\n<p>Millones de personas en todo el planeta se han beneficiado de nuestras iniciativas, financiadas por una generosa contribuci\u00f3n del Gobierno de Espa\u00f1a al sistema de las Naciones Unidas, e implementadas conjuntamente por 27 agencias de la ONU y miles de gobiernos nacionales, autoridades locales, organizaciones de la sociedad civil y, m\u00e1s importante a\u00fan, la propia ciudadan\u00eda. <\/p>\n","protected":false},"excerpt":{"rendered":"<p>El Fondo para el logro de los ODM ha trabajado en 50 pa\u00edses en todo el mundo para reducir las desigualdades e impulsar el cumplimiento de los Objetivos de Desarrollo del Milenio. Con 130 programas en cinco continentes, hemos ayudado a reducir la pobreza y la desnutrici\u00f3n infantil, aumentar la equidad de g\u00e9nero, mejorar el acceso al agua potable a nivel comunitario, dar voz a los pueblos ind\u00edgenas, fortalecer la resistencia al cambio clim\u00e1tico y empoderar a mujeres y j\u00f3venes. Millones de personas en todo el planeta se han beneficiado de nuestras iniciativas, financiadas por una generosa contribuci\u00f3n del Gobierno de Espa\u00f1a al sistema de las Naciones Unidas, e implementadas conjuntamente por 27 agencias de la ONU y miles de gobiernos nacionales, autoridades locales, organizaciones de la sociedad civil y, m\u00e1s importante a\u00fan, la propia ciudadan\u00eda.<\/p>\n","protected":false},"author":1,"featured_media":0,"parent":0,"menu_order":0,"comment_status":"open","ping_status":"open","template":"","meta":{"footnotes":""},"class_list":["post-400","page","type-page","status-publish","hentry"],"_links":{"self":[{"href":"http:\/\/changinglives.mdgfund.org\/es\/wp-json\/wp\/v2\/pages\/400","targetHints":{"allow":["GET"]}}],"collection":[{"href":"http:\/\/changinglives.mdgfund.org\/es\/wp-json\/wp\/v2\/pages"}],"about":[{"href":"http:\/\/changinglives.mdgfund.org\/es\/wp-json\/wp\/v2\/types\/page"}],"author":[{"embeddable":true,"href":"http:\/\/changinglives.mdgfund.org\/es\/wp-json\/wp\/v2\/users\/1"}],"replies":[{"embeddable":true,"href":"http:\/\/changinglives.mdgfund.org\/es\/wp-json\/wp\/v2\/comments?post=400"}],"version-history":[{"count":2,"href":"http:\/\/changinglives.mdgfund.org\/es\/wp-json\/wp\/v2\/pages\/400\/revisions"}],"predecessor-version":[{"id":1112,"href":"http:\/\/changinglives.mdgfund.org\/es\/wp-json\/wp\/v2\/pages\/400\/revisions\/1112"}],"wp:attachment":[{"href":"http:\/\/changinglives.mdgfund.org\/es\/wp-json\/wp\/v2\/media?parent=400"}],"curies":[{"name":"wp","href":"https:\/\/api.w.org\/{rel}","templated":true}]}}